{"id":3438,"date":"2025-07-25T10:55:12","date_gmt":"2025-07-25T08:55:12","guid":{"rendered":"https:\/\/staging.lenziegisto.it\/cookie-policy\/"},"modified":"2025-09-09T11:05:25","modified_gmt":"2025-09-09T09:05:25","slug":"cookie-policy","status":"publish","type":"page","link":"https:\/\/www.lenziegisto.it\/en\/cookie-policy\/","title":{"rendered":"Cookie Policy"},"content":{"rendered":"\t\t<div data-elementor-type=\"wp-page\" data-elementor-id=\"3438\" class=\"elementor elementor-3438 elementor-2915\" data-elementor-post-type=\"page\">\n\t\t\t\t<div class=\"elementor-element elementor-element-34dd2bbe e-flex e-con-boxed e-con e-parent\" data-id=\"34dd2bbe\" data-element_type=\"container\" data-e-type=\"container\" data-settings=\"{&quot;background_background&quot;:&quot;classic&quot;}\">\n\t\t\t\t\t<div class=\"e-con-inner\">\n\t\t<div class=\"elementor-element elementor-element-27bcb5aa e-con-full e-flex e-con e-child\" data-id=\"27bcb5aa\" data-element_type=\"container\" data-e-type=\"container\">\n\t\t\t\t<div class=\"elementor-element elementor-element-53d04ab elementor-widget elementor-widget-heading\" data-id=\"53d04ab\" data-element_type=\"widget\" data-e-type=\"widget\" data-widget_type=\"heading.default\">\n\t\t\t\t<div class=\"elementor-widget-container\">\n\t\t\t\t\t<h1 class=\"elementor-heading-title elementor-size-default\">Cookie Policy<\/h1>\t\t\t\t<\/div>\n\t\t\t\t<\/div>\n\t\t\t\t<\/div>\n\t\t\t\t\t<\/div>\n\t\t\t\t<\/div>\n\t\t<div class=\"elementor-element elementor-element-25c2613 e-flex e-con-boxed e-con e-parent\" data-id=\"25c2613\" data-element_type=\"container\" data-e-type=\"container\">\n\t\t\t\t\t<div class=\"e-con-inner\">\n\t\t\t\t<div class=\"elementor-element elementor-element-cf5a999 elementor-widget elementor-widget-text-editor\" data-id=\"cf5a999\" data-element_type=\"widget\" data-e-type=\"widget\" data-widget_type=\"text-editor.default\">\n\t\t\t\t<div class=\"elementor-widget-container\">\n\t\t\t\t\t\t\t\t\t<p>Il presente sito utilizza i \u201cCookie\u201d per rendere l\u2019esperienza di navigazione il pi\u00f9 semplice e migliore possibile. Gli utenti che visionano il seguente sito, vedranno inserite nei propri dispositivi in uso (che siano computer, tablet, smartphone o altro) delle <strong>quantit\u00e0 minime di informazioni<\/strong> in piccoli file di testo denominati \u201cCookie\u201d. I nostri \u201cCookie\u201d permettono di:  <\/p><ul class=\"Ul\"><li>Memorizzare le preferenze inserite.<\/li><li>Evitare di reinserire le stesse informazioni pi\u00f9 volte durante la visita (quali ad esempio nome utente e password).<\/li><li>Analizzare l\u2019utilizzo dei servizi e dei contenuti forniti per ottimizzare l\u2019esperienza di navigazione e i servizi offerti.<\/li><li>Migliorare l\u2019aspetto del sito ed il suo funzionamento.<\/li><\/ul><p>Disabilitando i \u201cCookie\u201d alcuni dei nostri servizi potrebbero non funzionare e\/o alcune pagine potrebbero non essere visualizzate correttamente.<\/p><h3><strong>TIPOLOGIE DI COOKIE<\/strong><\/h3><h4><strong>COOKIE TECNICI<\/strong><\/h4><p>Questa tipologia di \u201cCookie\u201d \u00e8 strettamente necessaria al <strong>corretto funzionamento del Sito<\/strong>, non tracciano in alcun modo dati sensibili e sono di due categorie:<\/p><ul class=\"Ul\"><li><strong>Persistenti<\/strong>: una volta chiuso il browser non vengono cancellati ma rimangono memorizzati fino ad una data di scadenza preimpostata o alla loro cancellazione manuale.<\/li><li><strong>Di Sessione<\/strong>: vengono distrutti ogni volta che il browser viene chiuso.<\/li><\/ul><p>I \u201cCookie tecnici\u201d <strong>sono necessari a visualizzare correttamente il sito<\/strong>, verranno <strong>sempre automaticamente utilizzati ed inviati<\/strong>, a meno che l\u2019utente non modifichi le impostazioni nel proprio browser (inficiando per\u00f2 cos\u00ec la visualizzazione del sito e le sue funzionalit\u00e0).<\/p><h4><strong>COOKIE ANALITICI DI PRIMA PARTE<\/strong><\/h4><p>I \u201cCookie\u201d in questa categoria vengono utilizzati per <strong>collezionare informazioni sull\u2019uso del sito<\/strong>. Utilizzeremo queste informazioni in merito ad <strong>analisi statistiche e\/o di prestazioni anonime <\/strong>al fine di migliorare l\u2019utilizzo del Sito e per rendere i contenuti pi\u00f9 interessanti ed attinenti ai desideri dell\u2019utenza. I \u201cCookie\u201d analitici di prima parte sono inviati dal Sito Stesso.  <\/p><h4><strong>COOKIE ANALITICI DI TERZE PARTI<\/strong><\/h4><p>Questi \u201cCookie\u201d sono utilizzati al fine di raccogliere informazioni in <strong>forma anonima<\/strong> sull\u2019<strong>uso del Sito<\/strong> quali: pagine visitate, tempo di permanenza, origini del traffico di provenienza, provenienza geografica, ed altro. Questi \u201cCookie\u201d sono inviati da domini di terze parti esterni al Sito. <\/p><h4><strong>ALTRI COOKIE DI TERZE PARTI<\/strong><\/h4><p>Questa tipologia di \u201cCookie\u201d <strong>integra funzionalit\u00e0 sviluppate da terzi <\/strong>all\u2019interno delle pagine del Sito come le preferenze espresse nei social network al fine di condivisione dei contenuti del sito o per l\u2019uso di servizi software di terze parti (come i software per personalizzare i caratteri del sito, generare le mappe e ulteriori software che offrono servizi aggiuntivi). Questi \u201cCookie\u201d sono inviati da <strong>domini di terze parti.<\/strong> <\/p><h4><strong>COOKIE DI PROFILAZIONE DI PRIMA PARTE E TERZE PARTI<\/strong><\/h4><p>Sono quei \u201cCookie\u201d necessari a creare profili utenti al fine di inviare messaggi pubblicitari in linea con le preferenze manifestate dall\u2019utente all\u2019interno delle pagine del Sito. I \u201cCookie\u201d di profilazione di prima parte sono inviati dal Sito Stesso, quelli di terze parti da domini di terze parti. Nel nostro Sito non utilizziamo Cookie di profilazione di prima parte e neanche di terze parti.  <\/p><h3><strong>SITI WEB E SERVIZI DI TERZE PARTI<\/strong><\/h3><p>Il Sito potrebbe contenere collegamenti ad altri siti Web che dispongono di una propria informativa sulla privacy, ogni titolare del rispettivo sito \u00e8 quindi responsabile dei propri contenuti pubblicati e dell\u2019uso dei propri \u201cCookie\u201d, per cui in caso di necessit\u00e0 sar\u00e0 necessario rivolgersi ad ognuno di essi.<\/p><h3><strong>COOKIE UTILIZZATI DAL SITO<\/strong><\/h3><ul class=\"Ul\"><li><strong>Nome<\/strong>: PHPSESSID<br><strong>Tipologia<\/strong>: cookie tecnico di sessione<br><strong>Descrizione dell\u2019uso<\/strong>: cookie nativo della tecnologia PHP, consente di memorizzare dati sullo stato della sessione dell\u2019utente che accede al sito. Poich\u00e9 il cookie PHPSESSID non ha una scadenza temporale, scompare quando si chiude il client. <\/li><li><strong>Nome<\/strong>: KpCk<br><strong>Tipologia<\/strong>: cookie tecnico persistente<br><strong>Descrizione dell\u2019uso<\/strong>: il cookie KpCk viene generato in seguito al consenso sull\u2019utilizzo dei cookie e permette di nascondere il banner informativo breve che comunica l\u2019impiego di cookie nel sito.<\/li><li><strong>Nome<\/strong>: __cfduid<br><strong>Tipologia<\/strong>: cookie tecnico di terze parti<br><strong>Descrizione dell\u2019uso<\/strong>: Il cookie \u201c__cfduid\u201d viene impostato dal servizio CloudFlare per identificare il traffico Web attendibile. Il cookie non memorizza alcuna informazione personale. <br><strong>Policy Link e Luogo del trattamento<\/strong>: San Francisco, CA \u2013 <a href=\"https:\/\/support.cloudflare.com\/hc\/en-us\/articles\/200170156-What-does-the-CloudFlare-cfduid-cookie-do-\" target=\"_blank\" rel=\"noopener\">Privacy Policy<\/a><\/li><li><strong>Nome<\/strong>: Fonts personalizzati di Google Fonts.<br><strong>Tipologia<\/strong>: cookie tecnico di terze parti<br><strong>Descrizione dell\u2019uso<\/strong>: Google Fonts \u00e8 un servizio che permette di inglobare e visualizzare stili di carattere personalizzati cos\u00ec da mostrare i caratteri del sito pi\u00f9 leggibili e gradevoli.<br><strong>Policy Link e Luogo del trattamento<\/strong>: USA \u2013 <a href=\"https:\/\/policies.google.com\/privacy?hl=it\" target=\"_blank\" rel=\"noopener\">Privacy Policy<\/a><\/li><li><strong>Nome<\/strong>: Pulsante \u201cFollow\u201d di Linkedin Corporation.<br><strong>Tipologia<\/strong>: cookie di terze parti<br><strong>Descrizione dell\u2019uso<\/strong>: il pulsante \u201cFollow\u201d serve per seguire gli aggiornamenti di una pagina pubblicata sul social network Linkedin.<br><strong>Policy Link e Luogo del trattamento<\/strong>: USA \u2013 <a href=\"https:\/\/www.linkedin.com\/legal\/cookie_policy\" target=\"_blank\" rel=\"noopener\">Privacy Policy<\/a><\/li><li><strong>Nome<\/strong>: Google Analytics<br><strong>Tipologia<\/strong>: cookie analitico di terze parti<br><strong>Descrizione dell\u2019uso<\/strong>: permette di analizzare in modo anonimo gli accessi al sito ed il comportamento degli utenti nel sito.<br><strong>Policy Link e Luogo del trattamento<\/strong>: USA \u2013 <a href=\"https:\/\/www.google.com\/policies\/technologies\/cookies\/\" target=\"_blank\" rel=\"noopener\">Privacy Policy<\/a><\/li><li><strong>Nome<\/strong>: Mappe incorporate Google Maps<br><strong>Tipologia<\/strong>: cookie di terze parti<br><strong>Descrizione dell\u2019uso<\/strong>: permette di mostrare nel sito una cartina con indicati dei punti d\u2019interesse e la possibilit\u00e0 di eseguire molteplici altri azioni e funzionalit\u00e0.<br><strong>Policy Link e Luogo del trattamento<\/strong>: USA \u2013 <a href=\"https:\/\/www.google.com\/policies\/technologies\/cookies\/\" target=\"_blank\" rel=\"noopener\">Privacy Policy<\/a><\/li><\/ul><h3><strong>COME DISABILITARE I COOKIE MEDIANTE CONFIGURAZIONE DEL BROWSER<\/strong><\/h3><p>Se non si desidera ricevere i \u201ccookie\u201d, si pu\u00f2 indicare al browser di cancellarli, bloccarli o ricevere degli avvisi prima della loro memorizzazione.<\/p><p>E\u2019 una semplice operazione che pu\u00f2 essere eseguita in ogni browser.<\/p><p>Si possono trovare informazioni su come attivare, disattivare e\/o cancellare i \u201ccookie\u201d sui siti dei rispettivi browser, ad esempio:<\/p><p><a href=\"https:\/\/support.mozilla.org\/it\/kb\/Gestione%20dei%20cookie\" target=\"_blank\" rel=\"noopener\">Mozilla Firefox<\/a> \/ <a href=\"https:\/\/support.google.com\/chrome\/bin\/answer.py?hl=it&amp;answer=95647\" target=\"_blank\" rel=\"noopener\">Google Chrome<\/a> \/ <a href=\"http:\/\/windows.microsoft.com\/it-it\/windows7\/how-to-manage-cookies-in-internet-explorer-9\" target=\"_blank\" rel=\"noopener\">Internet Explorer<\/a> \/ <a href=\"http:\/\/help.opera.com\/Windows\/12.10\/it\/cookies.html\" target=\"_blank\" rel=\"noopener\">Opera<\/a> \/ <a href=\"https:\/\/support.apple.com\/kb\/PH5042\" target=\"_blank\" rel=\"noopener\">Safari<\/a><\/p>\t\t\t\t\t\t\t\t<\/div>\n\t\t\t\t<\/div>\n\t\t\t\t\t<\/div>\n\t\t\t\t<\/div>\n\t\t\t\t<\/div>\n\t\t","protected":false},"excerpt":{"rendered":"<p>Cookie Policy Il presente sito utilizza i \u201cCookie\u201d per rendere l\u2019esperienza di navigazione il pi\u00f9 semplice e migliore possibile. Gli [&hellip;]<\/p>\n","protected":false},"author":1,"featured_media":0,"parent":0,"menu_order":0,"comment_status":"closed","ping_status":"closed","template":"","meta":{"site-sidebar-layout":"no-sidebar","site-content-layout":"","ast-site-content-layout":"full-width-container","site-content-style":"default","site-sidebar-style":"default","ast-global-header-display":"","ast-banner-title-visibility":"","ast-main-header-display":"","ast-hfb-above-header-display":"","ast-hfb-below-header-display":"","ast-hfb-mobile-header-display":"","site-post-title":"disabled","ast-breadcrumbs-content":"","ast-featured-img":"disabled","footer-sml-layout":"","ast-disable-related-posts":"","theme-transparent-header-meta":"default","adv-header-id-meta":"","stick-header-meta":"default","header-above-stick-meta":"","header-main-stick-meta":"","header-below-stick-meta":"","astra-migrate-meta-layouts":"default","ast-page-background-enabled":"default","ast-page-background-meta":{"desktop":{"background-color":"var(--ast-global-color-4)","background-image":"","background-repeat":"repeat","background-position":"center center","background-size":"auto","background-attachment":"scroll","background-type":"","background-media":"","overlay-type":"","overlay-color":"","overlay-opacity":"","overlay-gradient":""},"tablet":{"background-color":"","background-image":"","background-repeat":"repeat","background-position":"center center","background-size":"auto","background-attachment":"scroll","background-type":"","background-media":"","overlay-type":"","overlay-color":"","overlay-opacity":"","overlay-gradient":""},"mobile":{"background-color":"","background-image":"","background-repeat":"repeat","background-position":"center center","background-size":"auto","background-attachment":"scroll","background-type":"","background-media":"","overlay-type":"","overlay-color":"","overlay-opacity":"","overlay-gradient":""}},"ast-content-background-meta":{"desktop":{"background-color":"var(--ast-global-color-5)","background-image":"","background-repeat":"repeat","background-position":"center center","background-size":"auto","background-attachment":"scroll","background-type":"","background-media":"","overlay-type":"","overlay-color":"","overlay-opacity":"","overlay-gradient":""},"tablet":{"background-color":"var(--ast-global-color-5)","background-image":"","background-repeat":"repeat","background-position":"center center","background-size":"auto","background-attachment":"scroll","background-type":"","background-media":"","overlay-type":"","overlay-color":"","overlay-opacity":"","overlay-gradient":""},"mobile":{"background-color":"var(--ast-global-color-5)","background-image":"","background-repeat":"repeat","background-position":"center center","background-size":"auto","background-attachment":"scroll","background-type":"","background-media":"","overlay-type":"","overlay-color":"","overlay-opacity":"","overlay-gradient":""}},"footnotes":""},"class_list":["post-3438","page","type-page","status-publish","hentry"],"_links":{"self":[{"href":"https:\/\/www.lenziegisto.it\/en\/wp-json\/wp\/v2\/pages\/3438","targetHints":{"allow":["GET"]}}],"collection":[{"href":"https:\/\/www.lenziegisto.it\/en\/wp-json\/wp\/v2\/pages"}],"about":[{"href":"https:\/\/www.lenziegisto.it\/en\/wp-json\/wp\/v2\/types\/page"}],"author":[{"embeddable":true,"href":"https:\/\/www.lenziegisto.it\/en\/wp-json\/wp\/v2\/users\/1"}],"replies":[{"embeddable":true,"href":"https:\/\/www.lenziegisto.it\/en\/wp-json\/wp\/v2\/comments?post=3438"}],"version-history":[{"count":1,"href":"https:\/\/www.lenziegisto.it\/en\/wp-json\/wp\/v2\/pages\/3438\/revisions"}],"predecessor-version":[{"id":3439,"href":"https:\/\/www.lenziegisto.it\/en\/wp-json\/wp\/v2\/pages\/3438\/revisions\/3439"}],"wp:attachment":[{"href":"https:\/\/www.lenziegisto.it\/en\/wp-json\/wp\/v2\/media?parent=3438"}],"curies":[{"name":"wp","href":"https:\/\/api.w.org\/{rel}","templated":true}]}}